{"id":10,"date":"2016-10-03T14:18:52","date_gmt":"2016-10-03T17:18:52","guid":{"rendered":"http:\/\/kappelinternacaoeremocao.com.br\/ritec\/?page_id=10"},"modified":"2016-10-03T15:30:25","modified_gmt":"2016-10-03T18:30:25","slug":"prestacao-de-conta","status":"publish","type":"page","link":"https:\/\/www.ritecdobrasil.com.br\/?page_id=10","title":{"rendered":"Presta\u00e7\u00e3o de conta"},"content":{"rendered":"<p style=\"text-align: justify;\">Ser\u00e3o fornecidos relat\u00f3rios, on line, dos t\u00edtulos em cobran\u00e7a, para acompanhamento de todo procedimento com rela\u00e7\u00e3o ao t\u00edtulo cobrado ou aqueles pendentes de cobran\u00e7a.<\/p>\n<p>Nosso intuito \u00e9 que esse relat\u00f3rio venha de encontro de suas necessidades com um posicionamento minucioso de cada caso em nosso poder, todavia, estaremos \u00e0 disposi\u00e7\u00e3o para fornecer informa\u00e7\u00f5es complementares.<\/p>\n<p>A Ritec do Brasil tem a satisfa\u00e7\u00e3o em manter a parceria e a confiabilidade de seus clientes, por isso, prestamos contas dos cr\u00e9ditos recebidos imediatamente via relat\u00f3rios de acompanhamento da carteira a n\u00f3s confiada.<\/p>\n<p>Posteriormente, emitimos concilia\u00e7\u00f5es financeiras detalhando minuciosamente os valores recebidos.<\/p>\n\n<div style=\"display: block !important; margin:0 !important; padding: 0 !important\" id=\"wpp_popup_post_end_element\"><\/div>","protected":false},"excerpt":{"rendered":"<p>Ser\u00e3o fornecidos relat\u00f3rios, on line, dos t\u00edtulos em cobran\u00e7a, para acompanhamento de todo procedimento com rela\u00e7\u00e3o ao t\u00edtulo cobrado ou aqueles pendentes de cobran\u00e7a. Nosso intuito \u00e9 que esse relat\u00f3rio venha de encontro de suas necessidades com um posicionamento minucioso de cada caso em nosso poder, todavia, estaremos \u00e0 disposi\u00e7\u00e3o para fornecer informa\u00e7\u00f5es complementares. A [&hellip;]<\/p>\n","protected":false},"author":1,"featured_media":0,"parent":0,"menu_order":0,"comment_status":"closed","ping_status":"closed","template":"","meta":{"footnotes":""},"class_list":["post-10","page","type-page","status-publish","hentry"],"_links":{"self":[{"href":"https:\/\/www.ritecdobrasil.com.br\/index.php?rest_route=\/wp\/v2\/pages\/10","targetHints":{"allow":["GET"]}}],"collection":[{"href":"https:\/\/www.ritecdobrasil.com.br\/index.php?rest_route=\/wp\/v2\/pages"}],"about":[{"href":"https:\/\/www.ritecdobrasil.com.br\/index.php?rest_route=\/wp\/v2\/types\/page"}],"author":[{"embeddable":true,"href":"https:\/\/www.ritecdobrasil.com.br\/index.php?rest_route=\/wp\/v2\/users\/1"}],"replies":[{"embeddable":true,"href":"https:\/\/www.ritecdobrasil.com.br\/index.php?rest_route=%2Fwp%2Fv2%2Fcomments&post=10"}],"version-history":[{"count":2,"href":"https:\/\/www.ritecdobrasil.com.br\/index.php?rest_route=\/wp\/v2\/pages\/10\/revisions"}],"predecessor-version":[{"id":45,"href":"https:\/\/www.ritecdobrasil.com.br\/index.php?rest_route=\/wp\/v2\/pages\/10\/revisions\/45"}],"wp:attachment":[{"href":"https:\/\/www.ritecdobrasil.com.br\/index.php?rest_route=%2Fwp%2Fv2%2Fmedia&parent=10"}],"curies":[{"name":"wp","href":"https:\/\/api.w.org\/{rel}","templated":true}]}}